{"id":1366,"date":"2024-09-14T17:32:08","date_gmt":"2024-09-14T15:32:08","guid":{"rendered":"https:\/\/abdesselambougedrawi.com\/?page_id=1366"},"modified":"2025-02-09T10:22:56","modified_gmt":"2025-02-09T09:22:56","slug":"telechargement-gratuits","status":"publish","type":"page","link":"https:\/\/abdesselambougedrawi.com\/index.php\/telechargement-gratuits\/","title":{"rendered":"T\u00c9L\u00c9CHARGEMENTS GRATUITS"},"content":{"rendered":"\n<p class=\"has-text-align-center has-pale-cyan-blue-background-color has-background has-large-font-size\"><strong>DOSSIER GRATUIT SUR<\/strong> PLATON<\/p>\n\n\n\n<p><\/p>\n\n\n\n<div data-wp-interactive=\"core\/file\" class=\"wp-block-file\"><object data-wp-bind--hidden=\"!state.hasPdfPreview\" hidden class=\"wp-block-file__embed\" data=\"https:\/\/abdesselambougedrawi.com\/wp-content\/uploads\/2025\/02\/DEFAIRE-PLATON-PDF-GRATUIT.pdf\" type=\"application\/pdf\" style=\"width:100%;height:600px\" aria-label=\"Contenu embarqu\u00e9 DEFAIRE PLATON PDF GRATUIT.\"><\/object><a id=\"wp-block-file--media-28610271-d250-4196-a7c6-e7a273723d57\" href=\"https:\/\/abdesselambougedrawi.com\/wp-content\/uploads\/2025\/02\/DEFAIRE-PLATON-PDF-GRATUIT.pdf\">DEFAIRE PLATON PDF GRATUIT<\/a><a href=\"https:\/\/abdesselambougedrawi.com\/wp-content\/uploads\/2025\/02\/DEFAIRE-PLATON-PDF-GRATUIT.pdf\" class=\"wp-block-file__button wp-element-button\" download aria-describedby=\"wp-block-file--media-28610271-d250-4196-a7c6-e7a273723d57\">T\u00e9l\u00e9charger<\/a><\/div>\n\n\n\n<p class=\"has-pale-cyan-blue-background-color has-background has-large-font-size\"><strong>DOSSIER GRATUIT, QUE POURRAIT \u00caTRE L&rsquo;OCCIDENT ?<\/strong><\/p>\n\n\n\n<p><\/p>\n\n\n\n<p><\/p>\n\n\n\n<div data-wp-interactive=\"core\/file\" class=\"wp-block-file\"><object data-wp-bind--hidden=\"!state.hasPdfPreview\" hidden class=\"wp-block-file__embed\" data=\"https:\/\/abdesselambougedrawi.com\/wp-content\/uploads\/2024\/09\/QUE-POURRAIT-ETRE-OCCIDENT.pdf\" type=\"application\/pdf\" style=\"width:100%;height:600px\" aria-label=\"Contenu embarqu\u00e9 QUE POURRAIT ETRE OCCIDENT.\"><\/object><a id=\"wp-block-file--media-da022fb6-7d6b-4b6f-97f3-f5f3c5b6aa8b\" href=\"https:\/\/abdesselambougedrawi.com\/wp-content\/uploads\/2024\/09\/QUE-POURRAIT-ETRE-OCCIDENT.pdf\">QUE POURRAIT ETRE OCCIDENT<\/a><a href=\"https:\/\/abdesselambougedrawi.com\/wp-content\/uploads\/2024\/09\/QUE-POURRAIT-ETRE-OCCIDENT.pdf\" class=\"wp-block-file__button wp-element-button\" download aria-describedby=\"wp-block-file--media-da022fb6-7d6b-4b6f-97f3-f5f3c5b6aa8b\">T\u00e9l\u00e9charger<\/a><\/div>\n\n\n\n<div data-wp-interactive=\"core\/file\" class=\"wp-block-file\"><object data-wp-bind--hidden=\"!state.hasPdfPreview\" hidden class=\"wp-block-file__embed\" data=\"https:\/\/abdesselambougedrawi.com\/wp-content\/uploads\/2024\/10\/FLORA-TRISTAN-ECRITAU.pdf\" type=\"application\/pdf\" style=\"width:100%;height:600px\" aria-label=\"Contenu embarqu\u00e9 FLORA TRISTAN ECRITAU.\"><\/object><a id=\"wp-block-file--media-6668366f-00a4-4ca6-9f65-2131ca668f47\" href=\"https:\/\/abdesselambougedrawi.com\/wp-content\/uploads\/2024\/10\/FLORA-TRISTAN-ECRITAU.pdf\">FLORA TRISTAN ECRITAU<\/a><a href=\"https:\/\/abdesselambougedrawi.com\/wp-content\/uploads\/2024\/10\/FLORA-TRISTAN-ECRITAU.pdf\" class=\"wp-block-file__button wp-element-button\" download aria-describedby=\"wp-block-file--media-6668366f-00a4-4ca6-9f65-2131ca668f47\">T\u00e9l\u00e9charger<\/a><\/div>\n\n\n\n<div data-wp-interactive=\"core\/file\" class=\"wp-block-file\"><object data-wp-bind--hidden=\"!state.hasPdfPreview\" hidden class=\"wp-block-file__embed\" data=\"https:\/\/abdesselambougedrawi.com\/wp-content\/uploads\/2024\/10\/LE-ROLE-PRIMORDIAL-DE-LA-CORRUPTION-DANS-LE-SOUS-DEVELOPPEMENT-DES-NATIONS.pdf\" type=\"application\/pdf\" style=\"width:100%;height:532px\" aria-label=\"Contenu embarqu\u00e9 LE R\u00d4LE PRIMORDIAL DE LA CORRUPTION DANS LE SOUS-D\u00c9VELOPPEMENT DES NATIONS.\"><\/object><a id=\"wp-block-file--media-cf1f0363-663b-4412-bfb7-133ad3105dc8\" href=\"https:\/\/abdesselambougedrawi.com\/wp-content\/uploads\/2024\/10\/LE-ROLE-PRIMORDIAL-DE-LA-CORRUPTION-DANS-LE-SOUS-DEVELOPPEMENT-DES-NATIONS.pdf\">LE R\u00d4LE PRIMORDIAL DE LA CORRUPTION DANS LE SOUS-D\u00c9VELOPPEMENT DES NATIONS<\/a><a href=\"https:\/\/abdesselambougedrawi.com\/wp-content\/uploads\/2024\/10\/LE-ROLE-PRIMORDIAL-DE-LA-CORRUPTION-DANS-LE-SOUS-DEVELOPPEMENT-DES-NATIONS.pdf\" class=\"wp-block-file__button wp-element-button\" download aria-describedby=\"wp-block-file--media-cf1f0363-663b-4412-bfb7-133ad3105dc8\">T\u00e9l\u00e9charger<\/a><\/div>\n\n\n\n<div data-wp-interactive=\"core\/file\" class=\"wp-block-file\"><object data-wp-bind--hidden=\"!state.hasPdfPreview\" hidden class=\"wp-block-file__embed\" data=\"https:\/\/abdesselambougedrawi.com\/wp-content\/uploads\/2024\/10\/LIBERALISME-ECONOMQUE-RETOUR-AU-XIXE-SIECLE.pdf\" type=\"application\/pdf\" style=\"width:100%;height:600px\" aria-label=\"Contenu embarqu\u00e9 LIBERALISME-ECONOMQUE-RETOUR-AU-XIXE-SIECLE.\"><\/object><a id=\"wp-block-file--media-db108b50-4713-4f46-b035-bc9045135f38\" href=\"https:\/\/abdesselambougedrawi.com\/wp-content\/uploads\/2024\/10\/LIBERALISME-ECONOMQUE-RETOUR-AU-XIXE-SIECLE.pdf\">LIBERALISME-ECONOMQUE-RETOUR-AU-XIXE-SIECLE<\/a><a href=\"https:\/\/abdesselambougedrawi.com\/wp-content\/uploads\/2024\/10\/LIBERALISME-ECONOMQUE-RETOUR-AU-XIXE-SIECLE.pdf\" class=\"wp-block-file__button wp-element-button\" download aria-describedby=\"wp-block-file--media-db108b50-4713-4f46-b035-bc9045135f38\">T\u00e9l\u00e9charger<\/a><\/div>\n","protected":false},"excerpt":{"rendered":"<p>DOSSIER GRATUIT SUR PLATON DOSSIER GRATUIT, QUE POURRAIT \u00caTRE L&rsquo;OCCIDENT ?<\/p>\n","protected":false},"author":1,"featured_media":0,"parent":0,"menu_order":0,"comment_status":"closed","ping_status":"closed","template":"","meta":{"footnotes":""},"class_list":["post-1366","page","type-page","status-publish","hentry"],"jetpack_sharing_enabled":true,"_links":{"self":[{"href":"https:\/\/abdesselambougedrawi.com\/index.php\/wp-json\/wp\/v2\/pages\/1366","targetHints":{"allow":["GET"]}}],"collection":[{"href":"https:\/\/abdesselambougedrawi.com\/index.php\/wp-json\/wp\/v2\/pages"}],"about":[{"href":"https:\/\/abdesselambougedrawi.com\/index.php\/wp-json\/wp\/v2\/types\/page"}],"author":[{"embeddable":true,"href":"https:\/\/abdesselambougedrawi.com\/index.php\/wp-json\/wp\/v2\/users\/1"}],"replies":[{"embeddable":true,"href":"https:\/\/abdesselambougedrawi.com\/index.php\/wp-json\/wp\/v2\/comments?post=1366"}],"version-history":[{"count":9,"href":"https:\/\/abdesselambougedrawi.com\/index.php\/wp-json\/wp\/v2\/pages\/1366\/revisions"}],"predecessor-version":[{"id":1749,"href":"https:\/\/abdesselambougedrawi.com\/index.php\/wp-json\/wp\/v2\/pages\/1366\/revisions\/1749"}],"wp:attachment":[{"href":"https:\/\/abdesselambougedrawi.com\/index.php\/wp-json\/wp\/v2\/media?parent=1366"}],"curies":[{"name":"wp","href":"https:\/\/api.w.org\/{rel}","templated":true}]}}