{"id":2397,"date":"2025-09-08T16:47:54","date_gmt":"2025-09-08T14:47:54","guid":{"rendered":"https:\/\/abdesselambougedrawi.com\/?page_id=2397"},"modified":"2025-09-29T11:20:44","modified_gmt":"2025-09-29T09:20:44","slug":"fichiers-audio","status":"publish","type":"page","link":"https:\/\/abdesselambougedrawi.com\/index.php\/fichiers-audio\/","title":{"rendered":"FICHIERS AUDIO"},"content":{"rendered":"\n<p><strong>D\u00c9MOCRATIES OCCIDENTALES, LORSQUE LES CITOYENS NE CROIENT PLUS EN LEURS SYST\u00c8MES<\/strong><\/p>\n\n\n\n<figure class=\"wp-block-audio\"><audio controls src=\"https:\/\/abdesselambougedrawi.com\/wp-content\/uploads\/2025\/09\/DEMOCRATIE-CROYANCE-DES-CITOYENS.mp3\"><\/audio><\/figure>\n\n\n\n<p><strong>INTELLECTUELS ET AUTO DESTRUCTION<\/strong><\/p>\n\n\n\n<figure class=\"wp-block-audio\"><audio controls src=\"https:\/\/abdesselambougedrawi.com\/wp-content\/uploads\/2025\/04\/INTELLECTUELAUTO-DESTRUCTION.mp3\"><\/audio><\/figure>\n\n\n\n<p class=\"has-kubio-color-4-background-color has-background\"><strong>Des audios didactiques pour expliquer les manipulations contemporaines. Le terme libelle repr\u00e9sente un pamphlet g\u00e9n\u00e9ralement diffamatoire. Le meilleur moyen pour soutenir mon action citoyenne consiste \u00e0 d\u2019acqu\u00e9rir un ou plusieurs de mes ouvrages disponibles sur Amazon.<\/strong><\/p>\n\n\n\n<p>LIBELLE 1 : N\u00c9CESSIT\u00c9 DE NE PAS CONFONDRE CAUSE AVEC APPARENCE<\/p>\n\n\n\n<figure class=\"wp-block-audio\"><audio controls src=\"https:\/\/abdesselambougedrawi.com\/wp-content\/uploads\/2025\/09\/CAUSE-ET-APPARENCE.mp3\"><\/audio><\/figure>\n\n\n\n<p>LIBELLE 2 : BIEN COMPRENDRE L\u2019ORIGINE D\u2019UN \u00c9V\u00c8NEMENT<\/p>\n\n\n\n<figure class=\"wp-block-audio\"><audio controls src=\"https:\/\/abdesselambougedrawi.com\/wp-content\/uploads\/2025\/09\/COMPRENDRE-LORIGINE-DUN-EVENEMENT.mp3\"><\/audio><\/figure>\n\n\n\n<p>LIBELLE 3 : RECR\u00c9ER L\u2019ARBRE G\u00c9N\u00c9ALOGIQUE D\u2019UN \u00c9V\u00c9NEMENT<\/p>\n\n\n\n<figure class=\"wp-block-audio\"><audio controls src=\"https:\/\/abdesselambougedrawi.com\/wp-content\/uploads\/2025\/09\/LIBELLE-III-ARBRE-GENEALOGIQUE.mp3\"><\/audio><\/figure>\n\n\n\n<p>&nbsp;<br>LIBELLE 4 : ORIGINE ET FONDEMENTS DE LA SOUMISSION POPULAIRE DANS LES D\u00c9MOCRATIES OCCIDENTALES<\/p>\n\n\n\n<figure class=\"wp-block-audio\"><audio controls src=\"https:\/\/abdesselambougedrawi.com\/wp-content\/uploads\/2025\/09\/LIBELLE-4-ORIGINE-SOUMISSIONSp3.mp3\"><\/audio><\/figure>\n\n\n\n<p>EN MARGE DU LIBELLE 4 : SOUMISSION DANS LES PAYS DE D\u00c9MOCRATIE OCCIDENTALE<\/p>\n\n\n\n<figure class=\"wp-block-audio\"><audio controls src=\"https:\/\/abdesselambougedrawi.com\/wp-content\/uploads\/2025\/09\/EN-MARGE-LIBELLE-4-SOUMISSION.mp3\"><\/audio><\/figure>\n\n\n\n<p>LIBELLE 5, D\u00c9MOCRATIES OCCIDENTALES, DE LA MANIPULATION VERS LES VIOLENCES.<\/p>\n\n\n\n<figure class=\"wp-block-audio\"><audio controls src=\"https:\/\/abdesselambougedrawi.com\/wp-content\/uploads\/2025\/09\/LIBELLE-5-CANCEL-CULTURE-ET-INQUISITION.mp3\"><\/audio><\/figure>\n\n\n\n<p>LIBELLE 6, D\u00c9MOCRATIES OCCIDENTALES, AMOUR DU POUVOIR ET M\u00c9PRIS DES CITOYENS<\/p>\n\n\n\n<figure class=\"wp-block-audio\"><audio controls src=\"https:\/\/abdesselambougedrawi.com\/wp-content\/uploads\/2025\/09\/LIBELLE-6-AMOUR-DU-POUVOIR.mp3\"><\/audio><\/figure>\n\n\n\n<p>LIBELLE 7, D\u00c9MOCRATIES OCCIDENTALES, MANIPULATIONS PAR LES INTELLECTUELS&nbsp;<\/p>\n\n\n\n<figure class=\"wp-block-audio\"><audio controls src=\"https:\/\/abdesselambougedrawi.com\/wp-content\/uploads\/2025\/09\/LIBELLES-7-MANIPULATION-INTELLECTUELS.mp3\"><\/audio><\/figure>\n\n\n\n<p>LIBELLE 8, R\u00c9ALIT\u00c9 TANGIBLE ET R\u00c9ALIT\u00c9 TRAVESTIE<\/p>\n\n\n\n<figure class=\"wp-block-audio\"><audio controls src=\"https:\/\/abdesselambougedrawi.com\/wp-content\/uploads\/2025\/09\/LIBELLE-8-REALITE-TANGIBLE-ET-REALITE-TRAVESTIE.mp3\"><\/audio><\/figure>\n\n\n\n<p>LIBELLE 9, D\u00c9SIR DU POUVOIR DISPARITION DE L\u2019ENTENDEMENT<\/p>\n\n\n\n<figure class=\"wp-block-audio\"><audio controls src=\"https:\/\/abdesselambougedrawi.com\/wp-content\/uploads\/2025\/09\/LIBELLE-9-DISPARITION-DE-LENTENDEMENT.mp3\"><\/audio><\/figure>\n\n\n\n<p>LIBELLE 10, HUBRIS ET M\u00c9PRIS<\/p>\n\n\n\n<figure class=\"wp-block-audio\"><audio controls src=\"https:\/\/abdesselambougedrawi.com\/wp-content\/uploads\/2025\/09\/LIBELLE-10-HUBRIS-ET-MEPRIS-.mp3\"><\/audio><\/figure>\n","protected":false},"excerpt":{"rendered":"<p>D\u00c9MOCRATIES OCCIDENTALES, LORSQUE LES CITOYENS NE CROIENT PLUS EN LEURS SYST\u00c8MES INTELLECTUELS ET AUTO DESTRUCTION Des audios didactiques pour expliquer les manipulations contemporaines. Le terme libelle repr\u00e9sente un pamphlet g\u00e9n\u00e9ralement&hellip; <\/p>\n","protected":false},"author":1,"featured_media":0,"parent":0,"menu_order":0,"comment_status":"closed","ping_status":"closed","template":"","meta":{"footnotes":""},"class_list":["post-2397","page","type-page","status-publish","hentry"],"jetpack_sharing_enabled":true,"_links":{"self":[{"href":"https:\/\/abdesselambougedrawi.com\/index.php\/wp-json\/wp\/v2\/pages\/2397","targetHints":{"allow":["GET"]}}],"collection":[{"href":"https:\/\/abdesselambougedrawi.com\/index.php\/wp-json\/wp\/v2\/pages"}],"about":[{"href":"https:\/\/abdesselambougedrawi.com\/index.php\/wp-json\/wp\/v2\/types\/page"}],"author":[{"embeddable":true,"href":"https:\/\/abdesselambougedrawi.com\/index.php\/wp-json\/wp\/v2\/users\/1"}],"replies":[{"embeddable":true,"href":"https:\/\/abdesselambougedrawi.com\/index.php\/wp-json\/wp\/v2\/comments?post=2397"}],"version-history":[{"count":14,"href":"https:\/\/abdesselambougedrawi.com\/index.php\/wp-json\/wp\/v2\/pages\/2397\/revisions"}],"predecessor-version":[{"id":2500,"href":"https:\/\/abdesselambougedrawi.com\/index.php\/wp-json\/wp\/v2\/pages\/2397\/revisions\/2500"}],"wp:attachment":[{"href":"https:\/\/abdesselambougedrawi.com\/index.php\/wp-json\/wp\/v2\/media?parent=2397"}],"curies":[{"name":"wp","href":"https:\/\/api.w.org\/{rel}","templated":true}]}}