{"id":34,"date":"2023-09-22T16:51:00","date_gmt":"2023-09-22T14:51:00","guid":{"rendered":"https:\/\/abdesselambougedrawi.com\/?page_id=34"},"modified":"2025-03-10T20:53:52","modified_gmt":"2025-03-10T19:53:52","slug":"a-mon-sujet","status":"publish","type":"page","link":"https:\/\/abdesselambougedrawi.com\/index.php\/a-mon-sujet\/","title":{"rendered":"\u00c0 MON SUJET"},"content":{"rendered":"\n<p>Bonjour, je suis Abdesselam Bougedrawi, je suis natif de la ville de Safi, ville marocaine situ\u00e9e en bord de mer. En tant qu\u2019essayiste, il n\u2019\u00e9tait pas possible, pour moi, de laisser des intellectuels fa\u00e7onner nos esprits et g\u00e9rer notre mani\u00e8re de r\u00e9fl\u00e9chir.<\/p>\n\n\n\n<p>Ma collection,<em> la libert\u00e9 de penser autrement<\/em>, regroupe des essais clairs sans les jargons habituels. J\u2019\u00e9cris en tant qu\u2019auteur ind\u00e9pendant, c\u2019est la meilleure caution de ma propre libert\u00e9 de penser.<\/p>\n\n\n\n<p>L\u2019ensemble des mots ouvrage sont disponibles sur Amazon \u00e0 des prix d\u00e9fiants toute concurrence. J<\/p>\n\n\n\n<p><\/p>\n","protected":false},"excerpt":{"rendered":"<p>Bonjour, je suis Abdesselam Bougedrawi, je suis natif de la ville de Safi, ville marocaine situ\u00e9e en bord de mer. En tant qu\u2019essayiste, il n\u2019\u00e9tait pas possible, pour moi, de&hellip; <\/p>\n","protected":false},"author":1,"featured_media":0,"parent":0,"menu_order":0,"comment_status":"closed","ping_status":"closed","template":"","meta":{"footnotes":""},"class_list":["post-34","page","type-page","status-publish","hentry"],"jetpack_sharing_enabled":true,"_links":{"self":[{"href":"https:\/\/abdesselambougedrawi.com\/index.php\/wp-json\/wp\/v2\/pages\/34","targetHints":{"allow":["GET"]}}],"collection":[{"href":"https:\/\/abdesselambougedrawi.com\/index.php\/wp-json\/wp\/v2\/pages"}],"about":[{"href":"https:\/\/abdesselambougedrawi.com\/index.php\/wp-json\/wp\/v2\/types\/page"}],"author":[{"embeddable":true,"href":"https:\/\/abdesselambougedrawi.com\/index.php\/wp-json\/wp\/v2\/users\/1"}],"replies":[{"embeddable":true,"href":"https:\/\/abdesselambougedrawi.com\/index.php\/wp-json\/wp\/v2\/comments?post=34"}],"version-history":[{"count":8,"href":"https:\/\/abdesselambougedrawi.com\/index.php\/wp-json\/wp\/v2\/pages\/34\/revisions"}],"predecessor-version":[{"id":1845,"href":"https:\/\/abdesselambougedrawi.com\/index.php\/wp-json\/wp\/v2\/pages\/34\/revisions\/1845"}],"wp:attachment":[{"href":"https:\/\/abdesselambougedrawi.com\/index.php\/wp-json\/wp\/v2\/media?parent=34"}],"curies":[{"name":"wp","href":"https:\/\/api.w.org\/{rel}","templated":true}]}}